{"id":14,"date":"2020-04-18T09:51:02","date_gmt":"2020-04-18T09:51:02","guid":{"rendered":"http:\/\/www.autofficinacrassini.com\/?page_id=14"},"modified":"2020-05-21T16:30:37","modified_gmt":"2020-05-21T15:30:37","slug":"about","status":"publish","type":"page","link":"https:\/\/www.autofficinacrassini.com\/?page_id=14","title":{"rendered":"Chi siamo"},"content":{"rendered":"\n<div class=\"wp-block-group\"><div class=\"wp-block-group__inner-container is-layout-flow wp-block-group-is-layout-flow\">\n<div class=\"wp-block-columns is-layout-flex wp-container-core-columns-is-layout-9d6595d7 wp-block-columns-is-layout-flex\">\n<div class=\"wp-block-column is-layout-flow wp-block-column-is-layout-flow\">\n<p class=\"has-text-align-left\"><strong>L\u2019Autofficina Crassini nasce, presso l&#8217;attuale sede, nel \u201clontano\u201d 1989 per volont\u00e0 del Sig. Ermanno.<\/strong><br>Il fondatore gi\u00e0 all&#8217;epoca dell&#8217;apertura vantava una notevole esperienza nel campo della meccanica applicata alle autovetture, egli matur\u00f2 la sua professionalit\u00e0 fin dalla giovane et\u00e0 presso altre realt\u00e0 del tempo.<br>Qualche anno dopo si inser\u00ec nell\u2019attivit\u00e0 il figlio Fabio, fresco del suo diploma da perito meccanico, proprio nel periodo in cui il settore dell&#8217;automotive vedeva la nascita dei primi sistemi di alimentazione ad accensione elettronica, stava iniziando una nuova era!<br>Man mano che il tempo scorreva, il \u201cfondatore\u201d si fece da parte per godersi la meritata pensione e cedette le redini al figlio che,per alcuni anni, prosegu\u00ec da solo nell&#8217;attivit\u00e0 di autoriparatore.<br>Nel 2014, Fabio, decise che era tempo di inserire nuova linfa nell\u2019attivit\u00e0 e decise di prendere con s\u00e8 un socio, Luca. Nacque cos\u00ec il 18 marzo 2014 l\u2019Autofficina Crassini s.n.c.<br>Il nuovo arrivato, port\u00f2 con s\u00e9 23 anni di esperienza nell\u2019automotive, soprattutto nell&#8217;elettronica applicata alle vetture, esperienza maturata presso un\u2019altra attivit\u00e0 locale.<br>Forti di questa \u201cfusione\u201d si decise per un ampliamento dell\u2019operativit\u00e0 e dei servizi fu cos\u00ec che acquistammo tutto il necessario per offrire ai nostri clienti anche il servizio di gommista. Decidemmo anche  di entrare a far parte della pi\u00f9 grande rete di assistenza multimarca presente sul territorio italiano; diventammo Officina Punto Pro del network Groupauto. Entrare in questo network ci ha dato tantissimi vantaggi ed opportunit\u00e0, una formazione continua e costante, accesso alle migliori banche dati, supporto tecnico e molto altro ancora.<br>Ad oggi siamo in grado di offrire un servizio a 360 gradi su tutto il parco circolante, siamo dotati di strumentazioni diagnostiche di ultima generazione e costantemente aggiornate;  da poco abbiamo acquistato una nuova equilibratrice ad alta precisione per bilanciare al meglio gli pneumatici; disponiamo anche di una stazione di ricarica per climatizzatori ad elevate prestazioni ed anche della vettura di cortesia. Possiamo intervenire per la manutenzione programmata su qualsiasi vettura, anche quelle ancora coperte dalla garanzia della casa madre senza che essa decada.<\/p>\n<\/div>\n\n\n\n<div class=\"wp-block-column is-vertically-aligned-center is-layout-flow wp-block-column-is-layout-flow\" style=\"flex-basis:40%\">\n<div class=\"wp-block-image is-style-default\"><figure class=\"aligncenter size-large is-resized\"><img loading=\"lazy\" decoding=\"async\" src=\"http:\/\/www.autofficinacrassini.com\/wp-content\/uploads\/2020\/04\/sfondo1-1024x768.jpg\" alt=\"\" class=\"wp-image-77\" width=\"440\" height=\"330\" srcset=\"https:\/\/www.autofficinacrassini.com\/wp-content\/uploads\/2020\/04\/sfondo1-1024x768.jpg 1024w, https:\/\/www.autofficinacrassini.com\/wp-content\/uploads\/2020\/04\/sfondo1-300x225.jpg 300w, https:\/\/www.autofficinacrassini.com\/wp-content\/uploads\/2020\/04\/sfondo1-768x576.jpg 768w, https:\/\/www.autofficinacrassini.com\/wp-content\/uploads\/2020\/04\/sfondo1.jpg 1200w\" sizes=\"auto, (max-width: 440px) 100vw, 440px\" \/><\/figure><\/div>\n<\/div>\n<\/div>\n<\/div><\/div>\n\n\n\n<div class=\"wp-block-group\"><div class=\"wp-block-group__inner-container is-layout-flow wp-block-group-is-layout-flow\">\n<div class=\"wp-block-group is-layout-flow wp-block-group-is-layout-flow\"><div class=\"wp-block-group__inner-container\"><\/div><\/div>\n<\/div><\/div>\n","protected":false},"excerpt":{"rendered":"<p>L\u2019Autofficina Crassini nasce, presso l&#8217;attuale sede, nel \u201clontano\u201d 1989 per volont\u00e0 del Sig. Ermanno.Il fondatore gi\u00e0 all&#8217;epoca dell&#8217;apertura vantava una notevole esperienza nel campo della meccanica applicata alle autovetture, egli matur\u00f2 la sua professionalit\u00e0 fin dalla giovane et\u00e0 presso altre realt\u00e0 del tempo.Qualche anno dopo si inser\u00ec nell\u2019attivit\u00e0 il figlio Fabio, fresco del suo diploma da perito meccanico, proprio nel periodo in cui il settore dell&#8217;automotive vedeva la nascita dei primi sistemi di alimentazione ad accensione elettronica, stava iniziando una nuova era!Man mano che il tempo scorreva, il \u201cfondatore\u201d si fece da parte per godersi la meritata pensione e cedette&#8230; <\/p>\n","protected":false},"author":1,"featured_media":0,"parent":0,"menu_order":0,"comment_status":"closed","ping_status":"closed","template":"template-parts\/page-template-full-width.php","meta":{"footnotes":""},"class_list":["post-14","page","type-page","status-publish","hentry"],"_links":{"self":[{"href":"https:\/\/www.autofficinacrassini.com\/index.php?rest_route=\/wp\/v2\/pages\/14","targetHints":{"allow":["GET"]}}],"collection":[{"href":"https:\/\/www.autofficinacrassini.com\/index.php?rest_route=\/wp\/v2\/pages"}],"about":[{"href":"https:\/\/www.autofficinacrassini.com\/index.php?rest_route=\/wp\/v2\/types\/page"}],"author":[{"embeddable":true,"href":"https:\/\/www.autofficinacrassini.com\/index.php?rest_route=\/wp\/v2\/users\/1"}],"replies":[{"embeddable":true,"href":"https:\/\/www.autofficinacrassini.com\/index.php?rest_route=%2Fwp%2Fv2%2Fcomments&post=14"}],"version-history":[{"count":23,"href":"https:\/\/www.autofficinacrassini.com\/index.php?rest_route=\/wp\/v2\/pages\/14\/revisions"}],"predecessor-version":[{"id":1658,"href":"https:\/\/www.autofficinacrassini.com\/index.php?rest_route=\/wp\/v2\/pages\/14\/revisions\/1658"}],"wp:attachment":[{"href":"https:\/\/www.autofficinacrassini.com\/index.php?rest_route=%2Fwp%2Fv2%2Fmedia&parent=14"}],"curies":[{"name":"wp","href":"https:\/\/api.w.org\/{rel}","templated":true}]}}