{"id":131,"date":"2020-04-26T09:59:11","date_gmt":"2020-04-26T09:59:11","guid":{"rendered":"http:\/\/www.autofficinacrassini.com\/?page_id=131"},"modified":"2021-04-25T14:54:32","modified_gmt":"2021-04-25T13:54:32","slug":"news","status":"publish","type":"page","link":"https:\/\/www.autofficinacrassini.com\/?page_id=131","title":{"rendered":"News"},"content":{"rendered":"\n<div class=\"wp-block-media-text alignwide has-media-on-the-right is-stacked-on-mobile is-vertically-aligned-center\" style=\"grid-template-columns:auto 24%\"><figure class=\"wp-block-media-text__media\"><img loading=\"lazy\" decoding=\"async\" width=\"250\" height=\"403\" src=\"https:\/\/www.autofficinacrassini.com\/wp-content\/uploads\/2020\/12\/clima_1234.jpg\" alt=\"\" class=\"wp-image-1745 size-full\" srcset=\"https:\/\/www.autofficinacrassini.com\/wp-content\/uploads\/2020\/12\/clima_1234.jpg 250w, https:\/\/www.autofficinacrassini.com\/wp-content\/uploads\/2020\/12\/clima_1234-186x300.jpg 186w\" sizes=\"auto, (max-width: 250px) 100vw, 250px\" \/><\/figure><div class=\"wp-block-media-text__content\">\n<p>Non ci fermiamo mai, a partire da met\u00e0 Gennaio 2021, <strong>disponiamo<\/strong> della nuova stazione di ricarica per il Gas R1234yf, equipaggiata anche con il sistema di riconoscimento del refrigerante, al fine di garantire la massima sicurezza e professionalit\u00e0!<\/p>\n\n\n\n<p>Questo modello \u00e8 dotato di display TFT a colori ad alta visibilit\u00e0, con una interfaccia grafica evoluta caratterizzata da immagini ed indicazioni di facile comprensione.<br>La gestione di tutto il servizio di manutenzione \u00e8 completamente automatizzata, senza l\u2019uso di alcun rubinetto manuale.<\/p>\n\n\n\n<p><br>Ma se vuoi conoscere a fondo il prodotto segui questo  <a rel=\"noreferrer noopener\" href=\"https:\/\/www.texa.it\/prodotti\/gamma-konfort\/konfort-760r-760r-bus\" target=\"_blank\"><span style=\"color:#ffffff\" class=\"has-inline-color\">link<\/span><\/a>!!!!!<\/p>\n<\/div><\/div>\n\n\n\n<p><\/p>\n","protected":false},"excerpt":{"rendered":"<p>Non ci fermiamo mai, a partire da met\u00e0 Gennaio 2021, disponiamo della nuova stazione di ricarica per il Gas R1234yf, equipaggiata anche con il sistema di riconoscimento del refrigerante, al fine di garantire la massima sicurezza e professionalit\u00e0! Questo modello \u00e8 dotato di display TFT a colori ad alta visibilit\u00e0, con una interfaccia grafica evoluta caratterizzata da immagini ed indicazioni di facile comprensione.La gestione di tutto il servizio di manutenzione \u00e8 completamente automatizzata, senza l\u2019uso di alcun rubinetto manuale. Ma se vuoi conoscere a fondo il prodotto segui questo link!!!!!<\/p>\n","protected":false},"author":1,"featured_media":0,"parent":0,"menu_order":0,"comment_status":"closed","ping_status":"closed","template":"template-parts\/page-template-full-width.php","meta":{"footnotes":""},"class_list":["post-131","page","type-page","status-publish","hentry"],"_links":{"self":[{"href":"https:\/\/www.autofficinacrassini.com\/index.php?rest_route=\/wp\/v2\/pages\/131","targetHints":{"allow":["GET"]}}],"collection":[{"href":"https:\/\/www.autofficinacrassini.com\/index.php?rest_route=\/wp\/v2\/pages"}],"about":[{"href":"https:\/\/www.autofficinacrassini.com\/index.php?rest_route=\/wp\/v2\/types\/page"}],"author":[{"embeddable":true,"href":"https:\/\/www.autofficinacrassini.com\/index.php?rest_route=\/wp\/v2\/users\/1"}],"replies":[{"embeddable":true,"href":"https:\/\/www.autofficinacrassini.com\/index.php?rest_route=%2Fwp%2Fv2%2Fcomments&post=131"}],"version-history":[{"count":6,"href":"https:\/\/www.autofficinacrassini.com\/index.php?rest_route=\/wp\/v2\/pages\/131\/revisions"}],"predecessor-version":[{"id":1752,"href":"https:\/\/www.autofficinacrassini.com\/index.php?rest_route=\/wp\/v2\/pages\/131\/revisions\/1752"}],"wp:attachment":[{"href":"https:\/\/www.autofficinacrassini.com\/index.php?rest_route=%2Fwp%2Fv2%2Fmedia&parent=131"}],"curies":[{"name":"wp","href":"https:\/\/api.w.org\/{rel}","templated":true}]}}